{"id":3040,"date":"2024-05-13T17:24:32","date_gmt":"2024-05-13T15:24:32","guid":{"rendered":"https:\/\/sigyca.com\/nos-projets\/"},"modified":"2024-09-03T15:43:54","modified_gmt":"2024-09-03T13:43:54","slug":"nos-projets","status":"publish","type":"page","link":"https:\/\/sigyca.com\/fr\/nos-projets\/","title":{"rendered":"Nos projets"},"content":{"rendered":"\t\t<div data-elementor-type=\"wp-page\" data-elementor-id=\"3040\" class=\"elementor elementor-3040 elementor-1547\" data-elementor-post-type=\"page\">\n\t\t\t\t<div class=\"elementor-element elementor-element-e4cde14 seccion_casos_exito e-flex e-con-boxed e-con e-parent\" data-id=\"e4cde14\" data-element_type=\"container\" data-settings=\"{&quot;background_background&quot;:&quot;classic&quot;}\">\n\t\t\t\t\t<div class=\"e-con-inner\">\n\t\t\t\t<div class=\"elementor-element elementor-element-3843a5db elementor-widget__width-inherit elementor-widget elementor-widget-heading\" data-id=\"3843a5db\" data-element_type=\"widget\" data-widget_type=\"heading.default\">\n\t\t\t\t<div class=\"elementor-widget-container\">\n\t\t\t\t\t<h2 class=\"elementor-heading-title elementor-size-default\">Nos projets<\/h2>\t\t\t\t<\/div>\n\t\t\t\t<\/div>\n\t\t\t\t<div class=\"elementor-element elementor-element-5022091 elementor-grid-mobile-2 grid_casos_exito elementor-posts__hover-none elementor-grid-3 elementor-grid-tablet-2 elementor-posts--thumbnail-top elementor-card-shadow-yes elementor-widget elementor-widget-posts\" data-id=\"5022091\" data-element_type=\"widget\" data-settings=\"{&quot;pagination_type&quot;:&quot;numbers&quot;,&quot;cards_columns_mobile&quot;:&quot;2&quot;,&quot;cards_columns&quot;:&quot;3&quot;,&quot;cards_columns_tablet&quot;:&quot;2&quot;,&quot;cards_row_gap&quot;:{&quot;unit&quot;:&quot;px&quot;,&quot;size&quot;:35,&quot;sizes&quot;:[]},&quot;cards_row_gap_tablet&quot;:{&quot;unit&quot;:&quot;px&quot;,&quot;size&quot;:&quot;&quot;,&quot;sizes&quot;:[]},&quot;cards_row_gap_mobile&quot;:{&quot;unit&quot;:&quot;px&quot;,&quot;size&quot;:&quot;&quot;,&quot;sizes&quot;:[]}}\" data-widget_type=\"posts.cards\">\n\t\t\t\t<div class=\"elementor-widget-container\">\n\t\t\t\t\t\t\t<div class=\"elementor-posts-container elementor-posts elementor-posts--skin-cards elementor-grid\">\n\t\t\t\t<article class=\"elementor-post elementor-grid-item post-3047 proyecto type-proyecto status-publish format-standard has-post-thumbnail hentry\">\n\t\t\t<div class=\"elementor-post__card\">\n\t\t\t\t<a class=\"elementor-post__thumbnail__link\" href=\"https:\/\/sigyca.com\/fr\/proyecto\/amelioration-mise-a-jour-et-diffusion-de-l-inventaire-des-equipements-et-sieges-du-gouvernement-d-andalousie-ise\/\" tabindex=\"-1\" ><div class=\"elementor-post__thumbnail\"><img fetchpriority=\"high\" decoding=\"async\" width=\"300\" height=\"199\" src=\"https:\/\/sigyca.com\/wp-content\/uploads\/2024\/05\/proyecto_ise-300x199.jpg\" class=\"attachment-medium size-medium wp-image-2933\" alt=\"\" srcset=\"https:\/\/sigyca.com\/wp-content\/uploads\/2024\/05\/proyecto_ise-300x199.jpg 300w, https:\/\/sigyca.com\/wp-content\/uploads\/2024\/05\/proyecto_ise-1024x678.jpg 1024w, https:\/\/sigyca.com\/wp-content\/uploads\/2024\/05\/proyecto_ise-768x508.jpg 768w, https:\/\/sigyca.com\/wp-content\/uploads\/2024\/05\/proyecto_ise-1536x1017.jpg 1536w, https:\/\/sigyca.com\/wp-content\/uploads\/2024\/05\/proyecto_ise.jpg 1920w\" sizes=\"(max-width: 300px) 100vw, 300px\" \/><\/div><\/a>\n\t\t\t\t<div class=\"elementor-post__text\">\n\t\t\t\t<h3 class=\"elementor-post__title\">\n\t\t\t<a href=\"https:\/\/sigyca.com\/fr\/proyecto\/amelioration-mise-a-jour-et-diffusion-de-l-inventaire-des-equipements-et-sieges-du-gouvernement-d-andalousie-ise\/\" >\n\t\t\t\tAm\u00e9lioration, mise \u00e0 jour et diffusion de l&rsquo; Inventaire des Equipements et Si\u00e8ges du Gouvernement d\u2019Andalousie (ISE)\t\t\t<\/a>\n\t\t<\/h3>\n\t\t\t\t<div class=\"elementor-post__excerpt\">\n\t\t\t<p>Projet r\u00e9alis\u00e9 via Novalis SL<\/p>\n\t\t<\/div>\n\t\t\t\t\t<div class=\"elementor-post__read-more-wrapper\">\n\t\t\n\t\t<a class=\"elementor-post__read-more\" href=\"https:\/\/sigyca.com\/fr\/proyecto\/amelioration-mise-a-jour-et-diffusion-de-l-inventaire-des-equipements-et-sieges-du-gouvernement-d-andalousie-ise\/\" aria-label=\"En savoir plus sur Am\u00e9lioration, mise \u00e0 jour et diffusion de l&rsquo; Inventaire des Equipements et Si\u00e8ges du Gouvernement d\u2019Andalousie (ISE)\" tabindex=\"-1\" >\n\t\t\tD\u00e9couvrir le projet \u00bb\t\t<\/a>\n\n\t\t\t\t\t<\/div>\n\t\t\t\t<\/div>\n\t\t\t\t\t<\/div>\n\t\t<\/article>\n\t\t\t\t<article class=\"elementor-post elementor-grid-item post-3042 proyecto type-proyecto status-publish format-standard has-post-thumbnail hentry\">\n\t\t\t<div class=\"elementor-post__card\">\n\t\t\t\t<a class=\"elementor-post__thumbnail__link\" href=\"https:\/\/sigyca.com\/fr\/proyecto\/analyse-de-l-integration-des-flux-de-travail-de-l-ise-et-du-dera\/\" tabindex=\"-1\" ><div class=\"elementor-post__thumbnail\"><img decoding=\"async\" width=\"300\" height=\"300\" src=\"https:\/\/sigyca.com\/wp-content\/uploads\/2024\/04\/2omaha_nebraska_usa-300x300.jpg\" class=\"attachment-medium size-medium wp-image-1337\" alt=\"\" srcset=\"https:\/\/sigyca.com\/wp-content\/uploads\/2024\/04\/2omaha_nebraska_usa-300x300.jpg 300w, https:\/\/sigyca.com\/wp-content\/uploads\/2024\/04\/2omaha_nebraska_usa-1024x1024.jpg 1024w, https:\/\/sigyca.com\/wp-content\/uploads\/2024\/04\/2omaha_nebraska_usa-150x150.jpg 150w, https:\/\/sigyca.com\/wp-content\/uploads\/2024\/04\/2omaha_nebraska_usa-768x768.jpg 768w, https:\/\/sigyca.com\/wp-content\/uploads\/2024\/04\/2omaha_nebraska_usa-1536x1536.jpg 1536w, https:\/\/sigyca.com\/wp-content\/uploads\/2024\/04\/2omaha_nebraska_usa.jpg 1920w\" sizes=\"(max-width: 300px) 100vw, 300px\" \/><\/div><\/a>\n\t\t\t\t<div class=\"elementor-post__text\">\n\t\t\t\t<h3 class=\"elementor-post__title\">\n\t\t\t<a href=\"https:\/\/sigyca.com\/fr\/proyecto\/analyse-de-l-integration-des-flux-de-travail-de-l-ise-et-du-dera\/\" >\n\t\t\t\tAnalyse d\u2019int\u00e9gration des flux de travail entre l\u2019inventaire des Equipements et Si\u00e8ges du Gouvernement d\u2019Andalousie (ISE) et la base de donn\u00e9es spatiale de r\u00e9f\u00e9rence d\u2019Andalousie (DERA)\t\t\t<\/a>\n\t\t<\/h3>\n\t\t\t\t<div class=\"elementor-post__excerpt\">\n\t\t\t\t\t<\/div>\n\t\t\t\t\t<div class=\"elementor-post__read-more-wrapper\">\n\t\t\n\t\t<a class=\"elementor-post__read-more\" href=\"https:\/\/sigyca.com\/fr\/proyecto\/analyse-de-l-integration-des-flux-de-travail-de-l-ise-et-du-dera\/\" aria-label=\"En savoir plus sur Analyse d\u2019int\u00e9gration des flux de travail entre l\u2019inventaire des Equipements et Si\u00e8ges du Gouvernement d\u2019Andalousie (ISE) et la base de donn\u00e9es spatiale de r\u00e9f\u00e9rence d\u2019Andalousie (DERA)\" tabindex=\"-1\" >\n\t\t\tD\u00e9couvrir le projet \u00bb\t\t<\/a>\n\n\t\t\t\t\t<\/div>\n\t\t\t\t<\/div>\n\t\t\t\t\t<\/div>\n\t\t<\/article>\n\t\t\t\t<article class=\"elementor-post elementor-grid-item post-3048 proyecto type-proyecto status-publish format-standard has-post-thumbnail hentry\">\n\t\t\t<div class=\"elementor-post__card\">\n\t\t\t\t<a class=\"elementor-post__thumbnail__link\" href=\"https:\/\/sigyca.com\/fr\/proyecto\/paea-severe\/\" tabindex=\"-1\" ><div class=\"elementor-post__thumbnail\"><img decoding=\"async\" width=\"300\" height=\"173\" src=\"https:\/\/sigyca.com\/wp-content\/uploads\/2024\/05\/proyecto_paea-300x173.jpg\" class=\"attachment-medium size-medium wp-image-2942\" alt=\"\" srcset=\"https:\/\/sigyca.com\/wp-content\/uploads\/2024\/05\/proyecto_paea-300x173.jpg 300w, https:\/\/sigyca.com\/wp-content\/uploads\/2024\/05\/proyecto_paea-1024x590.jpg 1024w, https:\/\/sigyca.com\/wp-content\/uploads\/2024\/05\/proyecto_paea-768x442.jpg 768w, https:\/\/sigyca.com\/wp-content\/uploads\/2024\/05\/proyecto_paea-1536x885.jpg 1536w, https:\/\/sigyca.com\/wp-content\/uploads\/2024\/05\/proyecto_paea.jpg 1920w\" sizes=\"(max-width: 300px) 100vw, 300px\" \/><\/div><\/a>\n\t\t\t\t<div class=\"elementor-post__text\">\n\t\t\t\t<h3 class=\"elementor-post__title\">\n\t\t\t<a href=\"https:\/\/sigyca.com\/fr\/proyecto\/paea-severe\/\" >\n\t\t\t\tSynth\u00e8se et valorisation des \u00e9tudes sur les ressources en eau du Burkina Faso (SEVERE)\t\t\t<\/a>\n\t\t<\/h3>\n\t\t\t\t<div class=\"elementor-post__excerpt\">\n\t\t\t<p>Projet r\u00e9alis\u00e9 via SHER-Artelia Financement : Banque Mondiale<\/p>\n\t\t<\/div>\n\t\t\t\t\t<div class=\"elementor-post__read-more-wrapper\">\n\t\t\n\t\t<a class=\"elementor-post__read-more\" href=\"https:\/\/sigyca.com\/fr\/proyecto\/paea-severe\/\" aria-label=\"En savoir plus sur Synth\u00e8se et valorisation des \u00e9tudes sur les ressources en eau du Burkina Faso (SEVERE)\" tabindex=\"-1\" >\n\t\t\tD\u00e9couvrir le projet \u00bb\t\t<\/a>\n\n\t\t\t\t\t<\/div>\n\t\t\t\t<\/div>\n\t\t\t\t\t<\/div>\n\t\t<\/article>\n\t\t\t\t<article class=\"elementor-post elementor-grid-item post-3046 proyecto type-proyecto status-publish format-standard has-post-thumbnail hentry\">\n\t\t\t<div class=\"elementor-post__card\">\n\t\t\t\t<a class=\"elementor-post__thumbnail__link\" href=\"https:\/\/sigyca.com\/fr\/proyecto\/amelioration-du-sap-lie-au-risque-d-inondations-et-de-la-base-de-donnees-integrees-des-ressources-en-eau-au-benin\/\" tabindex=\"-1\" ><div class=\"elementor-post__thumbnail\"><img loading=\"lazy\" decoding=\"async\" width=\"300\" height=\"169\" src=\"https:\/\/sigyca.com\/wp-content\/uploads\/2024\/05\/proyecto_agir_eau_1-300x169.jpg\" class=\"attachment-medium size-medium wp-image-2938\" alt=\"\" srcset=\"https:\/\/sigyca.com\/wp-content\/uploads\/2024\/05\/proyecto_agir_eau_1-300x169.jpg 300w, https:\/\/sigyca.com\/wp-content\/uploads\/2024\/05\/proyecto_agir_eau_1-1024x576.jpg 1024w, https:\/\/sigyca.com\/wp-content\/uploads\/2024\/05\/proyecto_agir_eau_1-768x432.jpg 768w, https:\/\/sigyca.com\/wp-content\/uploads\/2024\/05\/proyecto_agir_eau_1-1536x864.jpg 1536w, https:\/\/sigyca.com\/wp-content\/uploads\/2024\/05\/proyecto_agir_eau_1.jpg 1920w\" sizes=\"(max-width: 300px) 100vw, 300px\" \/><\/div><\/a>\n\t\t\t\t<div class=\"elementor-post__text\">\n\t\t\t\t<h3 class=\"elementor-post__title\">\n\t\t\t<a href=\"https:\/\/sigyca.com\/fr\/proyecto\/amelioration-du-sap-lie-au-risque-d-inondations-et-de-la-base-de-donnees-integrees-des-ressources-en-eau-au-benin\/\" >\n\t\t\t\tAppui \u00e0 la gestion int\u00e9gr\u00e9e des ressources en eau dans le contexte du changement climatique au B\u00e9nin (AGIR-EAU) &#8211; Am\u00e9lioration du Syst\u00e8me d\u2019Alerte Pr\u00e9coce (SAP) li\u00e9 au risque d\u2019inondations et de la Base de Donn\u00e9es Int\u00e9gr\u00e9es des ressources en eau (BDI)\t\t\t<\/a>\n\t\t<\/h3>\n\t\t\t\t<div class=\"elementor-post__excerpt\">\n\t\t\t<p>Projet r\u00e9alis\u00e9 via AMBERO Dorsch Gruppe<\/p>\n\t\t<\/div>\n\t\t\t\t\t<div class=\"elementor-post__read-more-wrapper\">\n\t\t\n\t\t<a class=\"elementor-post__read-more\" href=\"https:\/\/sigyca.com\/fr\/proyecto\/amelioration-du-sap-lie-au-risque-d-inondations-et-de-la-base-de-donnees-integrees-des-ressources-en-eau-au-benin\/\" aria-label=\"En savoir plus sur Appui \u00e0 la gestion int\u00e9gr\u00e9e des ressources en eau dans le contexte du changement climatique au B\u00e9nin (AGIR-EAU) &#8211; Am\u00e9lioration du Syst\u00e8me d\u2019Alerte Pr\u00e9coce (SAP) li\u00e9 au risque d\u2019inondations et de la Base de Donn\u00e9es Int\u00e9gr\u00e9es des ressources en eau (BDI)\" tabindex=\"-1\" >\n\t\t\tD\u00e9couvrir le projet \u00bb\t\t<\/a>\n\n\t\t\t\t\t<\/div>\n\t\t\t\t<\/div>\n\t\t\t\t\t<\/div>\n\t\t<\/article>\n\t\t\t\t<article class=\"elementor-post elementor-grid-item post-3050 proyecto type-proyecto status-publish format-standard has-post-thumbnail hentry\">\n\t\t\t<div class=\"elementor-post__card\">\n\t\t\t\t<a class=\"elementor-post__thumbnail__link\" href=\"https:\/\/sigyca.com\/fr\/proyecto\/systeme-d-information-de-la-population-en-andalousie\/\" tabindex=\"-1\" ><div class=\"elementor-post__thumbnail\"><img loading=\"lazy\" decoding=\"async\" width=\"300\" height=\"161\" src=\"https:\/\/sigyca.com\/wp-content\/uploads\/2024\/05\/proyecto_sipob-300x161.jpg\" class=\"attachment-medium size-medium wp-image-2948\" alt=\"\" srcset=\"https:\/\/sigyca.com\/wp-content\/uploads\/2024\/05\/proyecto_sipob-300x161.jpg 300w, https:\/\/sigyca.com\/wp-content\/uploads\/2024\/05\/proyecto_sipob-1024x549.jpg 1024w, https:\/\/sigyca.com\/wp-content\/uploads\/2024\/05\/proyecto_sipob-768x412.jpg 768w, https:\/\/sigyca.com\/wp-content\/uploads\/2024\/05\/proyecto_sipob-1536x824.jpg 1536w, https:\/\/sigyca.com\/wp-content\/uploads\/2024\/05\/proyecto_sipob.jpg 1920w\" sizes=\"(max-width: 300px) 100vw, 300px\" \/><\/div><\/a>\n\t\t\t\t<div class=\"elementor-post__text\">\n\t\t\t\t<h3 class=\"elementor-post__title\">\n\t\t\t<a href=\"https:\/\/sigyca.com\/fr\/proyecto\/systeme-d-information-de-la-population-en-andalousie\/\" >\n\t\t\t\tAm\u00e9lioration et mise \u00e0 jour du Syst\u00e8me de la Population en Andalousie (SIPob)\t\t\t<\/a>\n\t\t<\/h3>\n\t\t\t\t<div class=\"elementor-post__excerpt\">\n\t\t\t<p>Projet r\u00e9alis\u00e9 via Novalis SL<\/p>\n\t\t<\/div>\n\t\t\t\t\t<div class=\"elementor-post__read-more-wrapper\">\n\t\t\n\t\t<a class=\"elementor-post__read-more\" href=\"https:\/\/sigyca.com\/fr\/proyecto\/systeme-d-information-de-la-population-en-andalousie\/\" aria-label=\"En savoir plus sur Am\u00e9lioration et mise \u00e0 jour du Syst\u00e8me de la Population en Andalousie (SIPob)\" tabindex=\"-1\" >\n\t\t\tD\u00e9couvrir le projet \u00bb\t\t<\/a>\n\n\t\t\t\t\t<\/div>\n\t\t\t\t<\/div>\n\t\t\t\t\t<\/div>\n\t\t<\/article>\n\t\t\t\t<\/div>\n\t\t\n\t\t\t\t\t\t<\/div>\n\t\t\t\t<\/div>\n\t\t\t\t\t<\/div>\n\t\t\t\t<\/div>\n\t\t<div class=\"elementor-element elementor-element-56364127 e-con-full e-flex e-con e-parent\" data-id=\"56364127\" data-element_type=\"container\" data-settings=\"{&quot;background_background&quot;:&quot;classic&quot;}\">\n\t\t<div class=\"elementor-element elementor-element-4849f01c e-con-full e-flex e-con e-child\" data-id=\"4849f01c\" data-element_type=\"container\">\n\t\t\t\t<div class=\"elementor-element elementor-element-22ce7254 elementor-invisible elementor-widget elementor-widget-heading\" data-id=\"22ce7254\" data-element_type=\"widget\" data-settings=\"{&quot;_animation&quot;:&quot;fadeIn&quot;}\" data-widget_type=\"heading.default\">\n\t\t\t\t<div class=\"elementor-widget-container\">\n\t\t\t\t\t<h2 class=\"elementor-heading-title elementor-size-default\">Pr\u00eat \u00e0 nous faire confiance ?<\/h2>\t\t\t\t<\/div>\n\t\t\t\t<\/div>\n\t\t\t\t<div class=\"elementor-element elementor-element-31691cc6 elementor-align-justify elementor-widget__width-initial elementor-invisible elementor-widget elementor-widget-button\" data-id=\"31691cc6\" data-element_type=\"widget\" data-settings=\"{&quot;_animation&quot;:&quot;fadeIn&quot;,&quot;_animation_delay&quot;:450}\" data-widget_type=\"button.default\">\n\t\t\t\t<div class=\"elementor-widget-container\">\n\t\t\t\t\t\t\t\t\t<div class=\"elementor-button-wrapper\">\n\t\t\t\t\t<a class=\"elementor-button elementor-button-link elementor-size-sm\" href=\"#\">\n\t\t\t\t\t\t<span class=\"elementor-button-content-wrapper\">\n\t\t\t\t\t\t\t\t\t<span class=\"elementor-button-text\">Contacte-nous<\/span>\n\t\t\t\t\t<\/span>\n\t\t\t\t\t<\/a>\n\t\t\t\t<\/div>\n\t\t\t\t\t\t\t\t<\/div>\n\t\t\t\t<\/div>\n\t\t\t\t<\/div>\n\t\t<div class=\"elementor-element elementor-element-66d1aada e-con-full e-flex e-con e-child\" data-id=\"66d1aada\" data-element_type=\"container\" data-settings=\"{&quot;background_background&quot;:&quot;classic&quot;}\">\n\t\t\t\t<\/div>\n\t\t\t\t<\/div>\n\t\t\t\t<\/div>\n\t\t","protected":false},"excerpt":{"rendered":"<p>Nos projets Pr\u00eat \u00e0 nous faire confiance ? Contacte-nous<\/p>\n","protected":false},"author":1,"featured_media":0,"parent":0,"menu_order":0,"comment_status":"closed","ping_status":"closed","template":"","meta":{"_acf_changed":false,"footnotes":""},"class_list":["post-3040","page","type-page","status-publish","hentry"],"acf":[],"yoast_head":"<!-- This site is optimized with the Yoast SEO plugin v25.3 - https:\/\/yoast.com\/wordpress\/plugins\/seo\/ -->\n<title>Nos projets - SIGYCA<\/title>\n<meta name=\"robots\" content=\"index, follow, max-snippet:-1, max-image-preview:large, max-video-preview:-1\" \/>\n<link rel=\"canonical\" href=\"https:\/\/sigyca.com\/fr\/nos-projets\/\" \/>\n<meta property=\"og:locale\" content=\"fr_FR\" \/>\n<meta property=\"og:type\" content=\"article\" \/>\n<meta property=\"og:title\" content=\"Nos projets - SIGYCA\" \/>\n<meta property=\"og:description\" content=\"Nos projets Pr\u00eat \u00e0 nous faire confiance ? Contacte-nous\" \/>\n<meta property=\"og:url\" content=\"https:\/\/sigyca.com\/fr\/nos-projets\/\" \/>\n<meta property=\"og:site_name\" content=\"SIGYCA\" \/>\n<meta property=\"article:modified_time\" content=\"2024-09-03T13:43:54+00:00\" \/>\n<meta name=\"twitter:card\" content=\"summary_large_image\" \/>\n<script type=\"application\/ld+json\" class=\"yoast-schema-graph\">{\"@context\":\"https:\/\/schema.org\",\"@graph\":[{\"@type\":\"WebPage\",\"@id\":\"https:\/\/sigyca.com\/fr\/nos-projets\/\",\"url\":\"https:\/\/sigyca.com\/fr\/nos-projets\/\",\"name\":\"Nos projets - SIGYCA\",\"isPartOf\":{\"@id\":\"https:\/\/sigyca.com\/#website\"},\"datePublished\":\"2024-05-13T15:24:32+00:00\",\"dateModified\":\"2024-09-03T13:43:54+00:00\",\"breadcrumb\":{\"@id\":\"https:\/\/sigyca.com\/fr\/nos-projets\/#breadcrumb\"},\"inLanguage\":\"fr-FR\",\"potentialAction\":[{\"@type\":\"ReadAction\",\"target\":[\"https:\/\/sigyca.com\/fr\/nos-projets\/\"]}]},{\"@type\":\"BreadcrumbList\",\"@id\":\"https:\/\/sigyca.com\/fr\/nos-projets\/#breadcrumb\",\"itemListElement\":[{\"@type\":\"ListItem\",\"position\":1,\"name\":\"Portada\",\"item\":\"https:\/\/sigyca.com\/fr\/\"},{\"@type\":\"ListItem\",\"position\":2,\"name\":\"Nos projets\"}]},{\"@type\":\"WebSite\",\"@id\":\"https:\/\/sigyca.com\/#website\",\"url\":\"https:\/\/sigyca.com\/\",\"name\":\"Sygica\",\"description\":\"GeoDataWorkflow\",\"publisher\":{\"@id\":\"https:\/\/sigyca.com\/#organization\"},\"potentialAction\":[{\"@type\":\"SearchAction\",\"target\":{\"@type\":\"EntryPoint\",\"urlTemplate\":\"https:\/\/sigyca.com\/?s={search_term_string}\"},\"query-input\":{\"@type\":\"PropertyValueSpecification\",\"valueRequired\":true,\"valueName\":\"search_term_string\"}}],\"inLanguage\":\"fr-FR\"},{\"@type\":\"Organization\",\"@id\":\"https:\/\/sigyca.com\/#organization\",\"name\":\"Sygica\",\"url\":\"https:\/\/sigyca.com\/\",\"logo\":{\"@type\":\"ImageObject\",\"inLanguage\":\"fr-FR\",\"@id\":\"https:\/\/sigyca.com\/#\/schema\/logo\/image\/\",\"url\":\"https:\/\/sigyca.com\/wp-content\/uploads\/2024\/04\/Capa_1-2.svg\",\"contentUrl\":\"https:\/\/sigyca.com\/wp-content\/uploads\/2024\/04\/Capa_1-2.svg\",\"width\":2073,\"height\":610,\"caption\":\"Sygica\"},\"image\":{\"@id\":\"https:\/\/sigyca.com\/#\/schema\/logo\/image\/\"},\"sameAs\":[\"https:\/\/www.linkedin.com\/company\/sigyca\/about\/\"]}]}<\/script>\n<!-- \/ Yoast SEO plugin. -->","yoast_head_json":{"title":"Nos projets - SIGYCA","robots":{"index":"index","follow":"follow","max-snippet":"max-snippet:-1","max-image-preview":"max-image-preview:large","max-video-preview":"max-video-preview:-1"},"canonical":"https:\/\/sigyca.com\/fr\/nos-projets\/","og_locale":"fr_FR","og_type":"article","og_title":"Nos projets - SIGYCA","og_description":"Nos projets Pr\u00eat \u00e0 nous faire confiance ? Contacte-nous","og_url":"https:\/\/sigyca.com\/fr\/nos-projets\/","og_site_name":"SIGYCA","article_modified_time":"2024-09-03T13:43:54+00:00","twitter_card":"summary_large_image","schema":{"@context":"https:\/\/schema.org","@graph":[{"@type":"WebPage","@id":"https:\/\/sigyca.com\/fr\/nos-projets\/","url":"https:\/\/sigyca.com\/fr\/nos-projets\/","name":"Nos projets - SIGYCA","isPartOf":{"@id":"https:\/\/sigyca.com\/#website"},"datePublished":"2024-05-13T15:24:32+00:00","dateModified":"2024-09-03T13:43:54+00:00","breadcrumb":{"@id":"https:\/\/sigyca.com\/fr\/nos-projets\/#breadcrumb"},"inLanguage":"fr-FR","potentialAction":[{"@type":"ReadAction","target":["https:\/\/sigyca.com\/fr\/nos-projets\/"]}]},{"@type":"BreadcrumbList","@id":"https:\/\/sigyca.com\/fr\/nos-projets\/#breadcrumb","itemListElement":[{"@type":"ListItem","position":1,"name":"Portada","item":"https:\/\/sigyca.com\/fr\/"},{"@type":"ListItem","position":2,"name":"Nos projets"}]},{"@type":"WebSite","@id":"https:\/\/sigyca.com\/#website","url":"https:\/\/sigyca.com\/","name":"Sygica","description":"GeoDataWorkflow","publisher":{"@id":"https:\/\/sigyca.com\/#organization"},"potentialAction":[{"@type":"SearchAction","target":{"@type":"EntryPoint","urlTemplate":"https:\/\/sigyca.com\/?s={search_term_string}"},"query-input":{"@type":"PropertyValueSpecification","valueRequired":true,"valueName":"search_term_string"}}],"inLanguage":"fr-FR"},{"@type":"Organization","@id":"https:\/\/sigyca.com\/#organization","name":"Sygica","url":"https:\/\/sigyca.com\/","logo":{"@type":"ImageObject","inLanguage":"fr-FR","@id":"https:\/\/sigyca.com\/#\/schema\/logo\/image\/","url":"https:\/\/sigyca.com\/wp-content\/uploads\/2024\/04\/Capa_1-2.svg","contentUrl":"https:\/\/sigyca.com\/wp-content\/uploads\/2024\/04\/Capa_1-2.svg","width":2073,"height":610,"caption":"Sygica"},"image":{"@id":"https:\/\/sigyca.com\/#\/schema\/logo\/image\/"},"sameAs":["https:\/\/www.linkedin.com\/company\/sigyca\/about\/"]}]}},"_links":{"self":[{"href":"https:\/\/sigyca.com\/fr\/wp-json\/wp\/v2\/pages\/3040","targetHints":{"allow":["GET"]}}],"collection":[{"href":"https:\/\/sigyca.com\/fr\/wp-json\/wp\/v2\/pages"}],"about":[{"href":"https:\/\/sigyca.com\/fr\/wp-json\/wp\/v2\/types\/page"}],"author":[{"embeddable":true,"href":"https:\/\/sigyca.com\/fr\/wp-json\/wp\/v2\/users\/1"}],"replies":[{"embeddable":true,"href":"https:\/\/sigyca.com\/fr\/wp-json\/wp\/v2\/comments?post=3040"}],"version-history":[{"count":1,"href":"https:\/\/sigyca.com\/fr\/wp-json\/wp\/v2\/pages\/3040\/revisions"}],"predecessor-version":[{"id":3041,"href":"https:\/\/sigyca.com\/fr\/wp-json\/wp\/v2\/pages\/3040\/revisions\/3041"}],"wp:attachment":[{"href":"https:\/\/sigyca.com\/fr\/wp-json\/wp\/v2\/media?parent=3040"}],"curies":[{"name":"wp","href":"https:\/\/api.w.org\/{rel}","templated":true}]}}