{"id":3067,"date":"2024-04-02T16:06:39","date_gmt":"2024-04-02T14:06:39","guid":{"rendered":"https:\/\/sigyca.com\/vie-privee\/"},"modified":"2024-09-18T11:29:25","modified_gmt":"2024-09-18T09:29:25","slug":"vie-privee","status":"publish","type":"page","link":"https:\/\/sigyca.com\/fr\/vie-privee\/","title":{"rendered":"Vie priv\u00e9e"},"content":{"rendered":"\t\t<div data-elementor-type=\"wp-page\" data-elementor-id=\"3067\" class=\"elementor elementor-3067 elementor-3\" data-elementor-post-type=\"page\">\n\t\t\t\t<div class=\"elementor-element elementor-element-29100bf e-flex e-con-boxed e-con e-parent\" data-id=\"29100bf\" data-element_type=\"container\">\n\t\t\t\t\t<div class=\"e-con-inner\">\n\t\t\t\t<div class=\"elementor-element elementor-element-588c7744 elementor-widget elementor-widget-text-editor\" data-id=\"588c7744\" data-element_type=\"widget\" data-widget_type=\"text-editor.default\">\n\t\t\t\t<div class=\"elementor-widget-container\">\n\t\t\t\t\t\t\t\t\t\n<h2>SIGYCA \u2013 VIE PRIV\u00c9E<\/h2>\n\n<p><br>Vous trouverez ici ce qui est fait et ce qui n&rsquo;est pas fait avec vos donn\u00e9es personnelles sur ce site web.<\/p>\n<p>Cette politique d\u00e9finit la mani\u00e8re dont nous traitons et prot\u00e9geons les informations personnelles de tous ceux qui interagissent avec SIGYCA par le biais de ce site web. Veuillez lire toutes les sections des mentons l\u00e9gales de la politique en mati\u00e8re de cookies et de la pr\u00e9sente politique de confidentialit\u00e9 avant d&rsquo;utiliser ce site web. <\/p>\n<p>Conform\u00e9ment aux dispositions du R\u00e8glement UE 2016\/679, du Parlement europ\u00e9en et du Conseil du 27 avril 2016 (RGPD) et de la Loi organique 3\/2018, du 5 d\u00e9cembre, relative \u00e0 la protection des donn\u00e9es \u00e0 caract\u00e8re personnel et \u00e0 la garantie des droits num\u00e9riques, SIGYCA vous informe qu&rsquo;en acceptant la pr\u00e9sente Politique de confidentialit\u00e9, vous donnez votre consentement expr\u00e8s, \u00e9clair\u00e9, libre et sans \u00e9quivoque au traitement par SIGYCA, en tant que responsable du traitement, des Donn\u00e9es que vous fournissez et sur lesquelles sont appliqu\u00e9es les mesures de s\u00e9curit\u00e9, techniques et organisationnelles pr\u00e9vues par la l\u00e9gislation en vigueur.<\/p>\n<h3><br>QUI EST RESPONSABLE DE CE SITE WEB?<\/h3>\n\n<ul>\n<li>Identit\u00e9 du responsable : SIGYCA SL<\/li>\n<li>NUM\u00c9RO DE TVA : B44644870<\/li>\n<li>Adresse : Avenida de las Palomas, 10-3Izq. 29004, M\u00e1laga <\/li>\n<li>Courriel: <a href=\"mailto:info@sigyca.com\">info@sigyca.com<\/a><\/li>\n<\/ul>\n\n<h3><br>QUELLES SONT LES DONN\u00c9ES PERSONNELLES COLLECT\u00c9ES SUR CE SITE WEB?<\/h3>\n\n<p>Vous n\u2019avez pas \u00e0 nous fournir vos donn\u00e9es \u00e0 caract\u00e8re personnel pour pouvoir utiliser la plus grande partie de notre site web.<\/p>\n<p>Aux fins \u00e9nonc\u00e9es dans la pr\u00e9sente politique de confidentialit\u00e9, SIGYCA collecte et traite les donn\u00e9es personnelles d\u00e9taill\u00e9es ci-dessous, qui d\u00e9pendront des diff\u00e9rents produits ou services que vous demandez sur ce site web:<\/p>\n<p><strong>Donn\u00e9es d&rsquo;identification<\/strong>: nom complet (pr\u00e9nom et nom de famille).<br><strong>Coordonn\u00e9es<\/strong>: e-mail.<br><strong>Donn\u00e9es contractuelles<\/strong>: donn\u00e9es sur les transactions contractuelles, pi\u00e8ce d\u2019identit\u00e9, produits et services achet\u00e9s, transactions financi\u00e8res, donn\u00e9es de paiement.<br><strong>Donn\u00e9es de navigation<\/strong>: adresse IP, type et identification de l&rsquo;appareil, type de navigateur, domaine par lequel vous acc\u00e9dez au site web, donn\u00e9es de navigation, activit\u00e9 sur le site web.<\/p>\n<h3><br>SUR QUELLE BASE JURIDIQUE CES DONN\u00c9ES SONT-ELLES TRAIT\u00c9ES?<\/h3>\n<p>Nous traitons vos donn\u00e9es personnelles sur les bases juridiques suivantes:<\/p>\n<ul>\n<li><strong>L&rsquo;ex\u00e9cution d&rsquo;un contrat avec<\/strong> SIGYCA pour la passation de march\u00e9s, la publication d&rsquo;annonces et la gestion des services demand\u00e9s.<\/li>\n<li><strong>Le consentement<\/strong> de l&rsquo;utilisateur en ce qui concerne la prise de contact, l&rsquo;abonnement au contenu et l&rsquo;envoi de communications commerciales par courrier \u00e9lectronique, cookies ou syst\u00e8mes de messagerie.<\/li>\n<li><strong>L&rsquo;int\u00e9r\u00eat l\u00e9gitime<\/strong> du responsable du traitement des donn\u00e9es \u00e0 prot\u00e9ger les utilisateurs du site SIGYCA contre les abus et les fraudes dans l&rsquo;utilisation de nos services.<\/li>\n<\/ul>\n\n<p> <\/p>\n\n<h3>\u00c0 QUELLES FINS TRAITONS-NOUS VOS DONN\u00c9ES?<\/h3>\n\n<p>Sur ce site web, il existe un formulaire de contact pour les questions, les suggestions ou les contacts professionnels. Dans ce cas, l&rsquo;adresse \u00e9lectronique sera utilis\u00e9e pour y r\u00e9pondre et pour envoyer les informations dont l&rsquo;utilisateur a besoin par le biais du site web. <br><br><\/p>\n\n<h3>DUR\u00c9E DE CONSERVATION DES DONN\u00c9ES \u00c0 CARACT\u00c8RE PERSONNEL<\/h3>\n\n<p><strong>Donn\u00e9es du client<\/strong>: La dur\u00e9e de conservation des donn\u00e9es \u00e0 caract\u00e8re personnel varie en fonction du service souscrit par le client. En tout \u00e9tat de cause, elle sera la plus courte possible et pourra \u00eatre conserv\u00e9e jusqu&rsquo;\u00e0 la fin de l&rsquo;ann\u00e9e :<br>4 ans: <\/p>\n<ul>\n<li>loi sur les infractions et les sanctions dans l&rsquo;ordre social (obligations en mati\u00e8re d&rsquo;affiliation, d&rsquo;inscriptions, de radiations, de cotisations, de paiement des salaires, etc.) ; articles 66 et suivants de la Loi Fiscale G\u00e9n\u00e9rale espagnole (livres de comptes, etc.) ; loi sur la protection de l&rsquo;environnement (loi sur la protection de l&rsquo;environnement). Arts. 66 et st. de la Loi Fiscale G\u00e9n\u00e9rale espagnole (livres de comptes, etc.);  <\/li>\n<li>5 ans : art. 1964 du code civil espagnol (actions personnelles sans d\u00e9lai particulier).<\/li>\n<li>6 ans : art. 30 du code du commerce espagnol (livres comptables, factures, etc.).<\/li>\n<li>10 ans : article 25 de la loi espagnole sur la pr\u00e9vention du blanchiment de capitaux et du financement du terrorisme.<\/li>\n<\/ul>\n<p><strong>Donn\u00e9es des clients potentiels: <\/strong>les donn\u00e9es seront conserv\u00e9es en tout \u00e9tat de cause pendant la dur\u00e9e de la relation commerciale \u00e9tablie et, une fois celle-ci termin\u00e9e, pendant deux ans, \u00e0 moins que l&rsquo;utilisateur n&rsquo;en demande la suppression pr\u00e9alable.<br><br><\/p>\n\n<h3>QUELS SONT VOS DROITS CONCERNANT L&rsquo;UTILISATION DE VOS DONN\u00c9ES?<\/h3>\n\n<p>Toute personne a le droit d&rsquo;obtenir la confirmation que SIGYCA traite ou non des donn\u00e9es \u00e0 caract\u00e8re personnel la concernant.<\/p>\n<p>Les personnes int\u00e9ress\u00e9es ont le droit de:<\/p>\n<ul>\n<li>Demander l&rsquo;acc\u00e8s aux donn\u00e9es personnelles concernant la personne concern\u00e9e.<\/li>\n<li>Demander sa rectification ou son effacement.<\/li>\n<li>Demander son annulation.<\/li>\n<li>Demander la limitation de leur traitement.<\/li>\n<li>Traitement contradictoire.<\/li>\n<li>Demander la portabilit\u00e9 des donn\u00e9es.<\/li>\n<\/ul>\n<p><br>Si vous avez donn\u00e9 votre consentement pour une finalit\u00e9 sp\u00e9cifique, vous avez le droit de le retirer \u00e0 tout moment, sans que cela n&rsquo;affecte la l\u00e9galit\u00e9 du traitement fond\u00e9 sur votre consentement avant son retrait.<\/p>\n<p>Si vous estimez que vos droits concernant la protection de vos donn\u00e9es personnelles ont \u00e9t\u00e9 viol\u00e9s, en particulier si vous n&rsquo;avez pas obtenu satisfaction dans l&rsquo;exercice de vos droits, vous pouvez introduire une plainte aupr\u00e8s de l&rsquo;autorit\u00e9 de contr\u00f4le de la protection des donn\u00e9es comp\u00e9tente via son <a href=\"https:\/\/www.aepd.es\/\">site web<\/a>.<\/p>\n<p>Pour exercer ces droits, veuillez \u00e9crire \u00e0 <a href=\"mailto:info@sigyca.com\">info@sigyca.com<\/a>.<\/p>\n<p>Il existe un formulaire pour l&rsquo;exercice de vos droits, vous pouvez le demander par courrier \u00e9lectronique ou, si vous le pr\u00e9f\u00e9rez, vous pouvez utiliser <a href=\"https:\/\/www.aepd.es\/derechos-y-deberes\/ejerce-tus-derechos\">les formulaires pr\u00e9par\u00e9s par l&rsquo;Agence espagnole de protection des donn\u00e9es ou par des tiers<\/a>.<\/p>\n<p>Ces formulaires doivent \u00eatre sign\u00e9s \u00e9lectroniquement ou accompagn\u00e9s d&rsquo;une photocopie de la carte d&rsquo;identit\u00e9.<\/p>\n<p>Si vous \u00eates repr\u00e9sent\u00e9 par quelqu&rsquo;un, vous devez joindre une copie de votre carte d&rsquo;identit\u00e9 ou signer avec votre signature \u00e9lectronique.<\/p>\n<p>Les formulaires peuvent \u00eatre d\u00e9pos\u00e9s en personne, par lettre ou par courrier \u00e0 l&rsquo;adresse de la personne responsable indiqu\u00e9e au d\u00e9but de ce texte.<br><br><\/p>\n\n<h3>NOTIFICATION ET D\u00c9CLARATION DES INFRACTIONS<\/h3>\n\n<p><strong>Notification de s\u00e9curit\u00e9 et d\u00e9claration sur les lacunes<\/strong><\/p>\n<p>SIGYCA prend des mesures de s\u00e9curit\u00e9 appropri\u00e9es au niveau de risque pour prot\u00e9ger les informations personnelles contre la perte, l&rsquo;utilisation abusive et l&rsquo;acc\u00e8s non autoris\u00e9, la divulgation, l&rsquo;alt\u00e9ration et la destruction, en tenant compte des risques li\u00e9s au traitement et \u00e0 la nature des informations personnelles ; toutefois, si SIGYCA d\u00e9termine que vos donn\u00e9es de service ont \u00e9t\u00e9 d\u00e9tourn\u00e9es, expos\u00e9es par une faille de s\u00e9curit\u00e9 ou acquises de mani\u00e8re inappropri\u00e9e par un tiers, SIGYCA vous informera rapidement de cette faille de s\u00e9curit\u00e9, de ce d\u00e9tournement ou de cette acquisition inappropri\u00e9e.<\/p>\n\n<p> <\/p>\n<h3>COMMENT VOS DONN\u00c9ES SERONT-ELLES UTILIS\u00c9ES ET PARTAG\u00c9ES?<\/h3>\n<p><\/p>\n<p>SIGYCA peut partager vos donn\u00e9es \u00e0 caract\u00e8re personnel avec des soci\u00e9t\u00e9s et \/ ou des partenaires commerciaux.<\/p>\n<p>Nous pouvons \u00e9galement partager vos donn\u00e9es \u00e0 caract\u00e8re personnel, en fonction de notre int\u00e9r\u00eat l\u00e9gitime, \u00e0 des tiers fournisseurs qui nous assistent dans la fourniture de nos produits et services. Il s\u2019agit par exemple de l\u2019h\u00e9bergement de nos serveurs Internet, de l\u2019analyse de donn\u00e9es, d\u2019une assistance marketing et de services \u00e0 la client\u00e8le. Ces soci\u00e9t\u00e9s auront uniquement acc\u00e8s \u00e0 vos donn\u00e9es \u00e0 caract\u00e8re personnel lorsque cela s\u2019av\u00e8re strictement n\u00e9cessaire pour mener \u00e0 bien leurs fonctions. Il leur est interdit de les utiliser \u00e0 toute autre finalit\u00e9.   <\/p>\n<p>Vos donn\u00e9es \u00e0 caract\u00e8re personnel ne seront pas vendues ou lou\u00e9es \u00e0 des tiers.<\/p>\n<p>Nous pouvons divulguer vos donn\u00e9es \u00e0 caract\u00e8re personnel dans le but d\u2019appliquer nos politiques, de respecter nos obligations juridiques ou dans l\u2019int\u00e9r\u00eat de la s\u00e9curit\u00e9, l\u2019int\u00e9r\u00eat public ou l\u2019application de la loi dans tout pays o\u00f9 nous poss\u00e9dons des entit\u00e9s ou des soci\u00e9t\u00e9s affili\u00e9es. Nous pouvons par exemple r\u00e9pondre \u00e0 une demande \u00e9manant d\u2019un organisme charg\u00e9 de faire appliquer la loi, d\u2019un organisme de r\u00e9gulation ou d\u2019une instance gouvernementale. Nous pouvons \u00e9galement divulguer des donn\u00e9es dans le cadre de litiges actuels ou potentiels ou pour prot\u00e9ger nos biens, notre s\u00e9curit\u00e9, notre personnel ainsi que d\u2019autres droits ou int\u00e9r\u00eats.  <\/p>\n<p>Si la soci\u00e9t\u00e9 SIGYCA est vendue ou fusionne avec une autre, vos donn\u00e9es seront divulgu\u00e9es au conseiller de tout acqu\u00e9reur potentiel et elles seront transf\u00e9r\u00e9es vers les nouveaux propri\u00e9taires de la soci\u00e9t\u00e9. Dans ce cas, nous mettrons en \u0153uvre des s\u00e9curit\u00e9s ad\u00e9quates pour assurer l\u2019int\u00e9grit\u00e9 et la confidentialit\u00e9 de vos donn\u00e9es \u00e0 caract\u00e8re personnel. L\u2019utilisation de vos informations personnelles demeurera toutefois sujette \u00e0 l\u2019application de la pr\u00e9sente Politique.  <\/p>\n<p> <\/p>\n<h3>LE SECRET ET LA S\u00c9CURIT\u00c9 DES DONN\u00c9ES<\/h3>\n<p><\/p>\n<p>SIGYCA s&rsquo;engage \u00e0 utiliser et \u00e0 traiter les donn\u00e9es personnelles de l&rsquo;utilisateur, en respectant leur confidentialit\u00e9, conform\u00e9ment \u00e0 leur finalit\u00e9 ; ainsi qu&rsquo;\u00e0 respecter son obligation de les conserver et d&rsquo;adapter toutes les mesures pour \u00e9viter leur alt\u00e9ration, perte, traitement ou acc\u00e8s non autoris\u00e9, conform\u00e9ment aux dispositions de la r\u00e9glementation en vigueur en mati\u00e8re de protection des donn\u00e9es.<\/p>\n<p>Ce site web comprend un certificat SSL. Il s&rsquo;agit d&rsquo;un protocole de s\u00e9curit\u00e9 qui fait voyager vos donn\u00e9es de mani\u00e8re int\u00e9grale et s\u00e9curis\u00e9e, c&rsquo;est-\u00e0-dire que la transmission des donn\u00e9es entre un serveur et l&rsquo;internaute, et en retour est enti\u00e8rement crypt\u00e9e ou chiffr\u00e9e. <\/p>\n<p>SIGYCA ne peut garantir l&rsquo;impr\u00e9gnabilit\u00e9 absolue du r\u00e9seau Internet, ni, par cons\u00e9quent, la violation des donn\u00e9es par l&rsquo;acc\u00e8s frauduleux \u00e0 celles-ci par des tiers.<\/p>\n<p>D\u00e8s qu&rsquo;elle a connaissance d&rsquo;un incident de s\u00e9curit\u00e9, SIGYCA en informe le Client dans les plus brefs d\u00e9lais et lui fournit en temps utile les informations relatives \u00e0 l&rsquo;incident de s\u00e9curit\u00e9 d\u00e8s qu&rsquo;elle en a connaissance ou lorsque le Client le demande raisonnablement.<\/p>\n<p> <\/p>\n<h3>L&rsquo;EXACTITUDE ET LA V\u00c9RACIT\u00c9 DES DONN\u00c9ES<\/h3>\n<p><\/p>\n<p>En tant qu&rsquo;utilisateur, vous \u00eates seul responsable de la v\u00e9racit\u00e9 et de l&rsquo;exactitude des donn\u00e9es que vous soumettez \u00e0 sigyca.com, exon\u00e9rant SIGYCA de toute responsabilit\u00e9 \u00e0 cet \u00e9gard. Les utilisateurs garantissent et sont responsables, dans tous les cas, de l&rsquo;exactitude, de la validit\u00e9 et de l&rsquo;authenticit\u00e9 des donn\u00e9es personnelles fournies, et s&rsquo;engagent \u00e0 les tenir d\u00fbment \u00e0 jour. L&rsquo;utilisateur s&rsquo;engage \u00e0 fournir des informations compl\u00e8tes et correctes dans le formulaire de contact ou d&rsquo;abonnement.  <\/p>\n<p> <\/p>\n<h3>R\u00c9VOCABILIT\u00c9<\/h3>\n<p><\/p>\n<p>Le consentement donn\u00e9, tant pour le traitement que pour le transfert des donn\u00e9es des int\u00e9ress\u00e9s, peut \u00eatre r\u00e9voqu\u00e9 \u00e0 tout moment en le communiquant \u00e0 SIGYCA dans les termes \u00e9tablis dans la pr\u00e9sente politique pour l&rsquo;exercice des droits de l&rsquo;ARCO. Cette r\u00e9vocation ne sera en aucun cas r\u00e9troactive. <\/p>\n<p> <\/p>\n<h3>MODIFICATIONS DE LA POLITIQUE DE CONFIDENTIALIT\u00c9<\/h3>\n<p><\/p>\n<p>SIGYCA se r\u00e9serve le droit de modifier cette politique pour l&rsquo;adapter aux nouvelles l\u00e9gislations ou jurisprudences, ainsi qu&rsquo;aux pratiques de l&rsquo;industrie. Dans ce cas, il annoncera sur cette page les changements introduits raisonnablement avant leur mise en \u0153uvre. <\/p>\n\t\t\t\t\t\t\t\t<\/div>\n\t\t\t\t<\/div>\n\t\t\t\t\t<\/div>\n\t\t\t\t<\/div>\n\t\t\t\t<\/div>\n\t\t","protected":false},"excerpt":{"rendered":"<p>SIGYCA \u2013 VIE PRIV\u00c9E Vous trouverez ici ce qui est fait et ce qui n&rsquo;est pas fait avec vos donn\u00e9es personnelles sur ce site web. Cette politique d\u00e9finit la mani\u00e8re dont nous traitons et prot\u00e9geons les informations personnelles de tous ceux qui interagissent avec SIGYCA par le biais de ce site web. Veuillez lire toutes [&hellip;]<\/p>\n","protected":false},"author":1,"featured_media":0,"parent":0,"menu_order":0,"comment_status":"closed","ping_status":"open","template":"","meta":{"_acf_changed":false,"footnotes":""},"class_list":["post-3067","page","type-page","status-publish","hentry"],"acf":[],"yoast_head":"<!-- This site is optimized with the Yoast SEO plugin v25.3 - https:\/\/yoast.com\/wordpress\/plugins\/seo\/ -->\n<title>Vie priv\u00e9e - SIGYCA<\/title>\n<meta name=\"robots\" content=\"index, follow, max-snippet:-1, max-image-preview:large, max-video-preview:-1\" \/>\n<link rel=\"canonical\" href=\"https:\/\/sigyca.com\/fr\/vie-privee\/\" \/>\n<meta property=\"og:locale\" content=\"fr_FR\" \/>\n<meta property=\"og:type\" content=\"article\" \/>\n<meta property=\"og:title\" content=\"Vie priv\u00e9e - SIGYCA\" \/>\n<meta property=\"og:description\" content=\"SIGYCA \u2013 VIE PRIV\u00c9E Vous trouverez ici ce qui est fait et ce qui n&rsquo;est pas fait avec vos donn\u00e9es personnelles sur ce site web. Cette politique d\u00e9finit la mani\u00e8re dont nous traitons et prot\u00e9geons les informations personnelles de tous ceux qui interagissent avec SIGYCA par le biais de ce site web. Veuillez lire toutes [&hellip;]\" \/>\n<meta property=\"og:url\" content=\"https:\/\/sigyca.com\/fr\/vie-privee\/\" \/>\n<meta property=\"og:site_name\" content=\"SIGYCA\" \/>\n<meta property=\"article:modified_time\" content=\"2024-09-18T09:29:25+00:00\" \/>\n<meta name=\"twitter:card\" content=\"summary_large_image\" \/>\n<meta name=\"twitter:label1\" content=\"Dur\u00e9e de lecture estim\u00e9e\" \/>\n\t<meta name=\"twitter:data1\" content=\"9 minutes\" \/>\n<script type=\"application\/ld+json\" class=\"yoast-schema-graph\">{\"@context\":\"https:\/\/schema.org\",\"@graph\":[{\"@type\":\"WebPage\",\"@id\":\"https:\/\/sigyca.com\/fr\/vie-privee\/\",\"url\":\"https:\/\/sigyca.com\/fr\/vie-privee\/\",\"name\":\"Vie priv\u00e9e - SIGYCA\",\"isPartOf\":{\"@id\":\"https:\/\/sigyca.com\/#website\"},\"datePublished\":\"2024-04-02T14:06:39+00:00\",\"dateModified\":\"2024-09-18T09:29:25+00:00\",\"breadcrumb\":{\"@id\":\"https:\/\/sigyca.com\/fr\/vie-privee\/#breadcrumb\"},\"inLanguage\":\"fr-FR\",\"potentialAction\":[{\"@type\":\"ReadAction\",\"target\":[\"https:\/\/sigyca.com\/fr\/vie-privee\/\"]}]},{\"@type\":\"BreadcrumbList\",\"@id\":\"https:\/\/sigyca.com\/fr\/vie-privee\/#breadcrumb\",\"itemListElement\":[{\"@type\":\"ListItem\",\"position\":1,\"name\":\"Portada\",\"item\":\"https:\/\/sigyca.com\/fr\/\"},{\"@type\":\"ListItem\",\"position\":2,\"name\":\"Vie priv\u00e9e\"}]},{\"@type\":\"WebSite\",\"@id\":\"https:\/\/sigyca.com\/#website\",\"url\":\"https:\/\/sigyca.com\/\",\"name\":\"Sygica\",\"description\":\"GeoDataWorkflow\",\"publisher\":{\"@id\":\"https:\/\/sigyca.com\/#organization\"},\"potentialAction\":[{\"@type\":\"SearchAction\",\"target\":{\"@type\":\"EntryPoint\",\"urlTemplate\":\"https:\/\/sigyca.com\/?s={search_term_string}\"},\"query-input\":{\"@type\":\"PropertyValueSpecification\",\"valueRequired\":true,\"valueName\":\"search_term_string\"}}],\"inLanguage\":\"fr-FR\"},{\"@type\":\"Organization\",\"@id\":\"https:\/\/sigyca.com\/#organization\",\"name\":\"Sygica\",\"url\":\"https:\/\/sigyca.com\/\",\"logo\":{\"@type\":\"ImageObject\",\"inLanguage\":\"fr-FR\",\"@id\":\"https:\/\/sigyca.com\/#\/schema\/logo\/image\/\",\"url\":\"https:\/\/sigyca.com\/wp-content\/uploads\/2024\/04\/Capa_1-2.svg\",\"contentUrl\":\"https:\/\/sigyca.com\/wp-content\/uploads\/2024\/04\/Capa_1-2.svg\",\"width\":2073,\"height\":610,\"caption\":\"Sygica\"},\"image\":{\"@id\":\"https:\/\/sigyca.com\/#\/schema\/logo\/image\/\"},\"sameAs\":[\"https:\/\/www.linkedin.com\/company\/sigyca\/about\/\"]}]}<\/script>\n<!-- \/ Yoast SEO plugin. -->","yoast_head_json":{"title":"Vie priv\u00e9e - SIGYCA","robots":{"index":"index","follow":"follow","max-snippet":"max-snippet:-1","max-image-preview":"max-image-preview:large","max-video-preview":"max-video-preview:-1"},"canonical":"https:\/\/sigyca.com\/fr\/vie-privee\/","og_locale":"fr_FR","og_type":"article","og_title":"Vie priv\u00e9e - SIGYCA","og_description":"SIGYCA \u2013 VIE PRIV\u00c9E Vous trouverez ici ce qui est fait et ce qui n&rsquo;est pas fait avec vos donn\u00e9es personnelles sur ce site web. Cette politique d\u00e9finit la mani\u00e8re dont nous traitons et prot\u00e9geons les informations personnelles de tous ceux qui interagissent avec SIGYCA par le biais de ce site web. Veuillez lire toutes [&hellip;]","og_url":"https:\/\/sigyca.com\/fr\/vie-privee\/","og_site_name":"SIGYCA","article_modified_time":"2024-09-18T09:29:25+00:00","twitter_card":"summary_large_image","twitter_misc":{"Dur\u00e9e de lecture estim\u00e9e":"9 minutes"},"schema":{"@context":"https:\/\/schema.org","@graph":[{"@type":"WebPage","@id":"https:\/\/sigyca.com\/fr\/vie-privee\/","url":"https:\/\/sigyca.com\/fr\/vie-privee\/","name":"Vie priv\u00e9e - SIGYCA","isPartOf":{"@id":"https:\/\/sigyca.com\/#website"},"datePublished":"2024-04-02T14:06:39+00:00","dateModified":"2024-09-18T09:29:25+00:00","breadcrumb":{"@id":"https:\/\/sigyca.com\/fr\/vie-privee\/#breadcrumb"},"inLanguage":"fr-FR","potentialAction":[{"@type":"ReadAction","target":["https:\/\/sigyca.com\/fr\/vie-privee\/"]}]},{"@type":"BreadcrumbList","@id":"https:\/\/sigyca.com\/fr\/vie-privee\/#breadcrumb","itemListElement":[{"@type":"ListItem","position":1,"name":"Portada","item":"https:\/\/sigyca.com\/fr\/"},{"@type":"ListItem","position":2,"name":"Vie priv\u00e9e"}]},{"@type":"WebSite","@id":"https:\/\/sigyca.com\/#website","url":"https:\/\/sigyca.com\/","name":"Sygica","description":"GeoDataWorkflow","publisher":{"@id":"https:\/\/sigyca.com\/#organization"},"potentialAction":[{"@type":"SearchAction","target":{"@type":"EntryPoint","urlTemplate":"https:\/\/sigyca.com\/?s={search_term_string}"},"query-input":{"@type":"PropertyValueSpecification","valueRequired":true,"valueName":"search_term_string"}}],"inLanguage":"fr-FR"},{"@type":"Organization","@id":"https:\/\/sigyca.com\/#organization","name":"Sygica","url":"https:\/\/sigyca.com\/","logo":{"@type":"ImageObject","inLanguage":"fr-FR","@id":"https:\/\/sigyca.com\/#\/schema\/logo\/image\/","url":"https:\/\/sigyca.com\/wp-content\/uploads\/2024\/04\/Capa_1-2.svg","contentUrl":"https:\/\/sigyca.com\/wp-content\/uploads\/2024\/04\/Capa_1-2.svg","width":2073,"height":610,"caption":"Sygica"},"image":{"@id":"https:\/\/sigyca.com\/#\/schema\/logo\/image\/"},"sameAs":["https:\/\/www.linkedin.com\/company\/sigyca\/about\/"]}]}},"_links":{"self":[{"href":"https:\/\/sigyca.com\/fr\/wp-json\/wp\/v2\/pages\/3067","targetHints":{"allow":["GET"]}}],"collection":[{"href":"https:\/\/sigyca.com\/fr\/wp-json\/wp\/v2\/pages"}],"about":[{"href":"https:\/\/sigyca.com\/fr\/wp-json\/wp\/v2\/types\/page"}],"author":[{"embeddable":true,"href":"https:\/\/sigyca.com\/fr\/wp-json\/wp\/v2\/users\/1"}],"replies":[{"embeddable":true,"href":"https:\/\/sigyca.com\/fr\/wp-json\/wp\/v2\/comments?post=3067"}],"version-history":[{"count":1,"href":"https:\/\/sigyca.com\/fr\/wp-json\/wp\/v2\/pages\/3067\/revisions"}],"predecessor-version":[{"id":3068,"href":"https:\/\/sigyca.com\/fr\/wp-json\/wp\/v2\/pages\/3067\/revisions\/3068"}],"wp:attachment":[{"href":"https:\/\/sigyca.com\/fr\/wp-json\/wp\/v2\/media?parent=3067"}],"curies":[{"name":"wp","href":"https:\/\/api.w.org\/{rel}","templated":true}]}}