{"id":3069,"date":"2024-09-02T10:32:57","date_gmt":"2024-09-02T08:32:57","guid":{"rendered":"https:\/\/sigyca.com\/politique-de-protection-des-donnees\/"},"modified":"2024-09-18T11:29:25","modified_gmt":"2024-09-18T09:29:25","slug":"politique-de-protection-des-donnees","status":"publish","type":"page","link":"https:\/\/sigyca.com\/fr\/politique-de-protection-des-donnees\/","title":{"rendered":"Politique de protection des donn\u00e9es<br> <br> <br>"},"content":{"rendered":"\t\t<div data-elementor-type=\"wp-page\" data-elementor-id=\"3069\" class=\"elementor elementor-3069 elementor-2991\" data-elementor-post-type=\"page\">\n\t\t\t\t<div class=\"elementor-element elementor-element-418f48f7 e-flex e-con-boxed e-con e-parent\" data-id=\"418f48f7\" data-element_type=\"container\">\n\t\t\t\t\t<div class=\"e-con-inner\">\n\t\t\t\t<div class=\"elementor-element elementor-element-3f150091 elementor-widget elementor-widget-text-editor\" data-id=\"3f150091\" data-element_type=\"widget\" data-widget_type=\"text-editor.default\">\n\t\t\t\t<div class=\"elementor-widget-container\">\n\t\t\t\t\t\t\t\t\t<h2>SIGYCA &#8211; POLITIQUE DE PROTECTION DES DONN\u00c9ES<\/h2>\n<p>Conform\u00e9ment aux obligations \u00e9nonc\u00e9es dans le:<\/p>\n<ul>\n<li>R\u00e8glement (UE) 2016\/679 du Parlement europ\u00e9en et du Conseil du 27 avril 2016 relatif \u00e0 la protection des personnes physiques \u00e0 l&rsquo;\u00e9gard du traitement des donn\u00e9es \u00e0 caract\u00e8re personnel et \u00e0 la libre circulation de ces donn\u00e9es (RGPD).<\/li>\n<li>Loi organique 3\/2018, du 5 d\u00e9cembre, sur la protection des donn\u00e9es \u00e0 caract\u00e8re personnel et la garantie des droits num\u00e9riques (LOPD-GDD).<\/li>\n<\/ul>\n<p>La direction de SIGYCA SL, ci-apr\u00e8s d\u00e9nomm\u00e9e \u00ab\u00a0SIGYCA\u00a0\u00bb, reconna\u00eet la n\u00e9cessit\u00e9 de garantir la confidentialit\u00e9, l&rsquo;int\u00e9grit\u00e9 et la disponibilit\u00e9 des informations dans toutes les activit\u00e9s de l&rsquo;organisation. Cette n\u00e9cessit\u00e9 souligne l&rsquo;importance d&rsquo;\u00eatre pr\u00eat \u00e0 pr\u00e9venir, d\u00e9tecter, r\u00e9pondre et r\u00e9cup\u00e9rer de tout incident de s\u00e9curit\u00e9. Pour ce faire, il est essentiel de disposer de ressources ad\u00e9quates pour mettre en \u0153uvre les mesures de s\u00e9curit\u00e9 n\u00e9cessaires au maintien d&rsquo;un niveau de risque acceptable, ainsi que d&rsquo;un contr\u00f4le continu de la continuit\u00e9 des activit\u00e9s.  <\/p>\n<p>L&rsquo;objectif de cette politique est d&rsquo;assurer une protection ad\u00e9quate des informations de SIGYCA, en pr\u00e9servant les principes de s\u00e9curit\u00e9 suivants:<\/p>\n<ul>\n<li><strong>Confidentialit\u00e9<\/strong>: veiller \u00e0 ce que les informations ne soient accessibles qu&rsquo;aux personnes autoris\u00e9es \u00e0 y avoir acc\u00e8s.<\/li>\n<li><strong>Int\u00e9grit\u00e9<\/strong>: garantir l&rsquo;exactitude et l&rsquo;exhaustivit\u00e9 des informations et des m\u00e9thodes de traitement.<\/li>\n<li><strong>Disponibilit\u00e9<\/strong>: veiller \u00e0 ce que les utilisateurs autoris\u00e9s aient acc\u00e8s \u00e0 l&rsquo;information et aux actifs associ\u00e9s lorsque cela est n\u00e9cessaire.<\/li>\n<\/ul>\n<p>Ces principes de base doivent \u00eatre pr\u00e9serv\u00e9s et s\u00e9curis\u00e9s quelle que soit la forme que prend l&rsquo;information, qu&rsquo;elle soit \u00e9lectronique, imprim\u00e9e, visuelle ou orale.<\/p>\n<p>Ces principes doivent \u00e9galement \u00eatre pris en compte dans les domaines suivants de la s\u00e9curit\u00e9:<\/p>\n<ul>\n<li><strong>Physique<\/strong>: comprend la s\u00e9curit\u00e9 des locaux, des installations, des syst\u00e8mes mat\u00e9riels, des supports et de tout bien de nature physique qui traite ou peut traiter des informations.<\/li>\n<li><strong>Logique<\/strong>: y compris les aspects de protection des applications, des r\u00e9seaux et des prototypes de syst\u00e8mes \u00e9lectroniques de communication et d&rsquo;informatique.<\/li>\n<li><strong>Politique-entreprise<\/strong>: il s&rsquo;agit des aspects de la s\u00e9curit\u00e9 li\u00e9s \u00e0 l&rsquo;entit\u00e9 elle-m\u00eame et aux normes juridiques.<\/li>\n<\/ul>\n<p>SIGYCA est consciente de l&rsquo;importance de la s\u00e9curit\u00e9 de l&rsquo;information. Elle a \u00e9labor\u00e9 cette politique de s\u00e9curit\u00e9 de l&rsquo;information et les proc\u00e9dures correspondantes qui garantissent la confidentialit\u00e9, l&rsquo;int\u00e9grit\u00e9 et la disponibilit\u00e9 de l&rsquo;information. L&rsquo;objectif final de cette politique est d&rsquo;offrir le meilleur service \u00e0 nos clients, en am\u00e9liorant nos processus et en respectant scrupuleusement leurs droits l\u00e9galement \u00e9tablis.  <\/p>\n<p><strong>Principes de base de la s\u00e9curit\u00e9<\/strong><\/p>\n<p>Les principes de s\u00e9curit\u00e9 fondamentaux suivants guident la protection de l&rsquo;information:<\/p>\n<ul>\n<li>Protection et confidentialit\u00e9 des informations, des syst\u00e8mes d&rsquo;information et de communication, et mise en place de contr\u00f4les pour \u00e9viter leur utilisation abusive<\/li>\n<li>Classification et protection des informations confidentielles et des secrets commerciaux.<\/li>\n<li>Surveillance et d\u00e9fense en cas d&rsquo;atteinte \u00e0 la marque et \u00e0 la r\u00e9putation.<\/li>\n<li>Respect de la protection des donn\u00e9es personnelles et de la vie priv\u00e9e.<\/li>\n<li>Respecter la l\u00e9gislation sur la protection des donn\u00e9es, la propri\u00e9t\u00e9 intellectuelle, le travail, les services de la soci\u00e9t\u00e9 de l&rsquo;information, le droit p\u00e9nal, etc. qui concerne les actifs de SIGYCA.<\/li>\n<li>Collaboration avec les autorit\u00e9s publiques en mati\u00e8re de s\u00e9curit\u00e9 et non-ing\u00e9rence dans leurs fonctions.<\/li>\n<li>Agissements conformes aux valeurs de SIGYCA.<\/li>\n<li>Prot\u00e9ger le capital intellectuel de SIGYCA contre la divulgation et l&rsquo;utilisation illicites.<\/li>\n<li>Obtenir des preuves pour prouver les incidents de s\u00e9curit\u00e9 et identifier l&rsquo;auteur.<\/li>\n<\/ul>\n\t\t\t\t\t\t\t\t<\/div>\n\t\t\t\t<\/div>\n\t\t\t\t\t<\/div>\n\t\t\t\t<\/div>\n\t\t\t\t<\/div>\n\t\t","protected":false},"excerpt":{"rendered":"<p>SIGYCA &#8211; POLITIQUE DE PROTECTION DES DONN\u00c9ES Conform\u00e9ment aux obligations \u00e9nonc\u00e9es dans le: R\u00e8glement (UE) 2016\/679 du Parlement europ\u00e9en et du Conseil du 27 avril 2016 relatif \u00e0 la protection des personnes physiques \u00e0 l&rsquo;\u00e9gard du traitement des donn\u00e9es \u00e0 caract\u00e8re personnel et \u00e0 la libre circulation de ces donn\u00e9es (RGPD). Loi organique 3\/2018, du [&hellip;]<\/p>\n","protected":false},"author":1,"featured_media":0,"parent":0,"menu_order":0,"comment_status":"closed","ping_status":"closed","template":"","meta":{"_acf_changed":false,"footnotes":""},"class_list":["post-3069","page","type-page","status-publish","hentry"],"acf":[],"yoast_head":"<!-- This site is optimized with the Yoast SEO plugin v25.3 - https:\/\/yoast.com\/wordpress\/plugins\/seo\/ -->\n<title>Politique de protection des donn\u00e9es   - SIGYCA<\/title>\n<meta name=\"robots\" content=\"index, follow, max-snippet:-1, max-image-preview:large, max-video-preview:-1\" \/>\n<link rel=\"canonical\" href=\"https:\/\/sigyca.com\/fr\/politique-de-protection-des-donnees\/\" \/>\n<meta property=\"og:locale\" content=\"fr_FR\" \/>\n<meta property=\"og:type\" content=\"article\" \/>\n<meta property=\"og:title\" content=\"Politique de protection des donn\u00e9es   - SIGYCA\" \/>\n<meta property=\"og:description\" content=\"SIGYCA &#8211; POLITIQUE DE PROTECTION DES DONN\u00c9ES Conform\u00e9ment aux obligations \u00e9nonc\u00e9es dans le: R\u00e8glement (UE) 2016\/679 du Parlement europ\u00e9en et du Conseil du 27 avril 2016 relatif \u00e0 la protection des personnes physiques \u00e0 l&rsquo;\u00e9gard du traitement des donn\u00e9es \u00e0 caract\u00e8re personnel et \u00e0 la libre circulation de ces donn\u00e9es (RGPD). Loi organique 3\/2018, du [&hellip;]\" \/>\n<meta property=\"og:url\" content=\"https:\/\/sigyca.com\/fr\/politique-de-protection-des-donnees\/\" \/>\n<meta property=\"og:site_name\" content=\"SIGYCA\" \/>\n<meta property=\"article:modified_time\" content=\"2024-09-18T09:29:25+00:00\" \/>\n<meta name=\"twitter:card\" content=\"summary_large_image\" \/>\n<meta name=\"twitter:label1\" content=\"Dur\u00e9e de lecture estim\u00e9e\" \/>\n\t<meta name=\"twitter:data1\" content=\"3 minutes\" \/>\n<script type=\"application\/ld+json\" class=\"yoast-schema-graph\">{\"@context\":\"https:\/\/schema.org\",\"@graph\":[{\"@type\":\"WebPage\",\"@id\":\"https:\/\/sigyca.com\/fr\/politique-de-protection-des-donnees\/\",\"url\":\"https:\/\/sigyca.com\/fr\/politique-de-protection-des-donnees\/\",\"name\":\"Politique de protection des donn\u00e9es - SIGYCA\",\"isPartOf\":{\"@id\":\"https:\/\/sigyca.com\/#website\"},\"datePublished\":\"2024-09-02T08:32:57+00:00\",\"dateModified\":\"2024-09-18T09:29:25+00:00\",\"breadcrumb\":{\"@id\":\"https:\/\/sigyca.com\/fr\/politique-de-protection-des-donnees\/#breadcrumb\"},\"inLanguage\":\"fr-FR\",\"potentialAction\":[{\"@type\":\"ReadAction\",\"target\":[\"https:\/\/sigyca.com\/fr\/politique-de-protection-des-donnees\/\"]}]},{\"@type\":\"BreadcrumbList\",\"@id\":\"https:\/\/sigyca.com\/fr\/politique-de-protection-des-donnees\/#breadcrumb\",\"itemListElement\":[{\"@type\":\"ListItem\",\"position\":1,\"name\":\"Portada\",\"item\":\"https:\/\/sigyca.com\/fr\/\"},{\"@type\":\"ListItem\",\"position\":2,\"name\":\"Politique de protection des donn\u00e9es\"}]},{\"@type\":\"WebSite\",\"@id\":\"https:\/\/sigyca.com\/#website\",\"url\":\"https:\/\/sigyca.com\/\",\"name\":\"Sygica\",\"description\":\"GeoDataWorkflow\",\"publisher\":{\"@id\":\"https:\/\/sigyca.com\/#organization\"},\"potentialAction\":[{\"@type\":\"SearchAction\",\"target\":{\"@type\":\"EntryPoint\",\"urlTemplate\":\"https:\/\/sigyca.com\/?s={search_term_string}\"},\"query-input\":{\"@type\":\"PropertyValueSpecification\",\"valueRequired\":true,\"valueName\":\"search_term_string\"}}],\"inLanguage\":\"fr-FR\"},{\"@type\":\"Organization\",\"@id\":\"https:\/\/sigyca.com\/#organization\",\"name\":\"Sygica\",\"url\":\"https:\/\/sigyca.com\/\",\"logo\":{\"@type\":\"ImageObject\",\"inLanguage\":\"fr-FR\",\"@id\":\"https:\/\/sigyca.com\/#\/schema\/logo\/image\/\",\"url\":\"https:\/\/sigyca.com\/wp-content\/uploads\/2024\/04\/Capa_1-2.svg\",\"contentUrl\":\"https:\/\/sigyca.com\/wp-content\/uploads\/2024\/04\/Capa_1-2.svg\",\"width\":2073,\"height\":610,\"caption\":\"Sygica\"},\"image\":{\"@id\":\"https:\/\/sigyca.com\/#\/schema\/logo\/image\/\"},\"sameAs\":[\"https:\/\/www.linkedin.com\/company\/sigyca\/about\/\"]}]}<\/script>\n<!-- \/ Yoast SEO plugin. -->","yoast_head_json":{"title":"Politique de protection des donn\u00e9es   - SIGYCA","robots":{"index":"index","follow":"follow","max-snippet":"max-snippet:-1","max-image-preview":"max-image-preview:large","max-video-preview":"max-video-preview:-1"},"canonical":"https:\/\/sigyca.com\/fr\/politique-de-protection-des-donnees\/","og_locale":"fr_FR","og_type":"article","og_title":"Politique de protection des donn\u00e9es   - SIGYCA","og_description":"SIGYCA &#8211; POLITIQUE DE PROTECTION DES DONN\u00c9ES Conform\u00e9ment aux obligations \u00e9nonc\u00e9es dans le: R\u00e8glement (UE) 2016\/679 du Parlement europ\u00e9en et du Conseil du 27 avril 2016 relatif \u00e0 la protection des personnes physiques \u00e0 l&rsquo;\u00e9gard du traitement des donn\u00e9es \u00e0 caract\u00e8re personnel et \u00e0 la libre circulation de ces donn\u00e9es (RGPD). Loi organique 3\/2018, du [&hellip;]","og_url":"https:\/\/sigyca.com\/fr\/politique-de-protection-des-donnees\/","og_site_name":"SIGYCA","article_modified_time":"2024-09-18T09:29:25+00:00","twitter_card":"summary_large_image","twitter_misc":{"Dur\u00e9e de lecture estim\u00e9e":"3 minutes"},"schema":{"@context":"https:\/\/schema.org","@graph":[{"@type":"WebPage","@id":"https:\/\/sigyca.com\/fr\/politique-de-protection-des-donnees\/","url":"https:\/\/sigyca.com\/fr\/politique-de-protection-des-donnees\/","name":"Politique de protection des donn\u00e9es - SIGYCA","isPartOf":{"@id":"https:\/\/sigyca.com\/#website"},"datePublished":"2024-09-02T08:32:57+00:00","dateModified":"2024-09-18T09:29:25+00:00","breadcrumb":{"@id":"https:\/\/sigyca.com\/fr\/politique-de-protection-des-donnees\/#breadcrumb"},"inLanguage":"fr-FR","potentialAction":[{"@type":"ReadAction","target":["https:\/\/sigyca.com\/fr\/politique-de-protection-des-donnees\/"]}]},{"@type":"BreadcrumbList","@id":"https:\/\/sigyca.com\/fr\/politique-de-protection-des-donnees\/#breadcrumb","itemListElement":[{"@type":"ListItem","position":1,"name":"Portada","item":"https:\/\/sigyca.com\/fr\/"},{"@type":"ListItem","position":2,"name":"Politique de protection des donn\u00e9es"}]},{"@type":"WebSite","@id":"https:\/\/sigyca.com\/#website","url":"https:\/\/sigyca.com\/","name":"Sygica","description":"GeoDataWorkflow","publisher":{"@id":"https:\/\/sigyca.com\/#organization"},"potentialAction":[{"@type":"SearchAction","target":{"@type":"EntryPoint","urlTemplate":"https:\/\/sigyca.com\/?s={search_term_string}"},"query-input":{"@type":"PropertyValueSpecification","valueRequired":true,"valueName":"search_term_string"}}],"inLanguage":"fr-FR"},{"@type":"Organization","@id":"https:\/\/sigyca.com\/#organization","name":"Sygica","url":"https:\/\/sigyca.com\/","logo":{"@type":"ImageObject","inLanguage":"fr-FR","@id":"https:\/\/sigyca.com\/#\/schema\/logo\/image\/","url":"https:\/\/sigyca.com\/wp-content\/uploads\/2024\/04\/Capa_1-2.svg","contentUrl":"https:\/\/sigyca.com\/wp-content\/uploads\/2024\/04\/Capa_1-2.svg","width":2073,"height":610,"caption":"Sygica"},"image":{"@id":"https:\/\/sigyca.com\/#\/schema\/logo\/image\/"},"sameAs":["https:\/\/www.linkedin.com\/company\/sigyca\/about\/"]}]}},"_links":{"self":[{"href":"https:\/\/sigyca.com\/fr\/wp-json\/wp\/v2\/pages\/3069","targetHints":{"allow":["GET"]}}],"collection":[{"href":"https:\/\/sigyca.com\/fr\/wp-json\/wp\/v2\/pages"}],"about":[{"href":"https:\/\/sigyca.com\/fr\/wp-json\/wp\/v2\/types\/page"}],"author":[{"embeddable":true,"href":"https:\/\/sigyca.com\/fr\/wp-json\/wp\/v2\/users\/1"}],"replies":[{"embeddable":true,"href":"https:\/\/sigyca.com\/fr\/wp-json\/wp\/v2\/comments?post=3069"}],"version-history":[{"count":1,"href":"https:\/\/sigyca.com\/fr\/wp-json\/wp\/v2\/pages\/3069\/revisions"}],"predecessor-version":[{"id":3070,"href":"https:\/\/sigyca.com\/fr\/wp-json\/wp\/v2\/pages\/3069\/revisions\/3070"}],"wp:attachment":[{"href":"https:\/\/sigyca.com\/fr\/wp-json\/wp\/v2\/media?parent=3069"}],"curies":[{"name":"wp","href":"https:\/\/api.w.org\/{rel}","templated":true}]}}